{"id":493,"date":"2021-02-01T10:27:08","date_gmt":"2021-02-01T10:27:08","guid":{"rendered":"https:\/\/blumen-bahnhof.invea.ch\/?page_id=493"},"modified":"2021-03-21T11:01:23","modified_gmt":"2021-03-21T11:01:23","slug":"impressum","status":"publish","type":"page","link":"https:\/\/blumen-bahnhof.ch\/index.php\/impressum\/","title":{"rendered":"Impressum"},"content":{"rendered":"<p>[et_pb_section fb_built=&#8220;1&#8243; _builder_version=&#8220;4.9.2&#8243; _module_preset=&#8220;default&#8220; background_color=&#8220;rgba(198,123,148,0.11)&#8220; custom_padding=&#8220;50px||50px|||&#8220; hover_enabled=&#8220;0&#8243; sticky_enabled=&#8220;0&#8243;][et_pb_row _builder_version=&#8220;4.8.2&#8243; _module_preset=&#8220;default&#8220;][et_pb_column type=&#8220;4_4&#8243; _builder_version=&#8220;4.8.2&#8243; _module_preset=&#8220;default&#8220;][et_pb_text _builder_version=&#8220;4.8.2&#8243; _module_preset=&#8220;default&#8220; text_font=&#8220;HV Muse Regular||||||||&#8220; header_font_size=&#8220;70px&#8220; header_font_size_tablet=&#8220;50px&#8220; header_font_size_phone=&#8220;25px&#8220; header_font_size_last_edited=&#8220;on|phone&#8220;]<\/p>\n<h1>Impressum<\/h1>\n<p><strong><\/strong><\/p>\n<p><strong><\/strong><\/p>\n<p><strong>Verantwortlich f\u00fcr den Inhalt der Website<\/strong><br \/>Blumen Bahnhof Carole Koch<br \/>Alte Bahnhofstrasse 36<br \/>5612 Villmergen<\/p>\n<p><span>+41 (0)56 610 77 27<\/span><br \/><span><a href=\"https:\/\/blumen-bahnhof.ch\/index.php\">www.blumen-bahnhof.ch<\/a><\/span><br \/><span><a href=\"mailto:info@blumen-bahnhof.ch\" target=\"_blank\" rel=\"noopener noreferrer\">info@blumen-bahnhof.ch<\/a><\/span><\/p>\n<p><span style=\"font-size: 16px;\">Firmennummer |\u00a0<\/span><span>CHE-314.300.823<\/span><br \/>Gesch\u00e4ftsf\u00fchrung | Carole Koch<\/p>\n<p><strong><\/strong><\/p>\n<p><strong><\/strong><\/p>\n<p><strong>Konzeption, Design &amp; Technische Umsetzung der Website<\/strong><br \/>Digital Publishing GmbH<br \/>Durisolstrasse 11<br \/>5612 Villmergen<\/p>\n<p>+41 (0)56 622 50 00<br \/><a href=\"https:\/\/www.dp-gmbh.ch\">www.dp-gmbh.ch<\/a><br \/><a href=\"mailto:hello@dp-gmbh.ch\">hello@dp-gmbh.ch<\/a><\/p>\n<p>&nbsp;<\/p>\n<h1>Haftungsausschuss<\/h1>\n<p><strong><\/strong><\/p>\n<p><strong><\/strong><\/p>\n<p><strong>Inhalt des Onlineangebotes<\/strong><br \/>Blumen Bahnhof \u00fcbernimmt keine Gew\u00e4hr f\u00fcr die Aktualit\u00e4t, Korrektheit und Vollst\u00e4ndigkeit der auf diesen Seiten bereitgestellten Informationen. Grunds\u00e4tzlich ausgeschlossen werden Haftungsanspr\u00fcche gegen Blumen Bahnhof, die sich auf Sch\u00e4den materieller oder ideeller Art beziehen und durch die Nutzung oder Nichtnutzung der bereitgestellten Informationen bzw. falscher und unvollst\u00e4ndiger Informationen verursacht worden sind, sofern von Seiten der Blumen Bahnhof kein nachweisbares vors\u00e4tzliches oder grob fahrl\u00e4ssiges Verschulden vorliegt. Alle Angebote sind frei und unverbindlich. Blumen Bahnhof beh\u00e4lt es sich ausdr\u00fccklich vor, Teile seiner Seiten oder das gesamte Angebot ohne besondere Ank\u00fcndigung zu \u00e4ndern, zu erg\u00e4nzen, zu entfernen oder die Ver\u00f6ffentlichung zeitweise oder ganz einzustellen.<\/p>\n<p>&nbsp;<\/p>\n<p><strong>Verweise und Hyperlinks<\/strong><br \/>Eine Haftungsverpflichtung bei direkten oder indirekten Verweisen auf fremde Internetseiten (\u00abLinks\u00bb), die nicht innerhalb des Verantwortungsbereiches des Blumen Bahnhof liegen, w\u00fcrde ausschliesslich in Kraft treten, wenn der Blumen Bahnhof\u00a0Kenntnis von den Inhalten hat und es technisch realisierbar und zumutbar w\u00e4re, die Nutzung im Falle von rechtswidrigen Inhalten zu verhindern. Hiermit wird ausdr\u00fccklich vom\u00a0Blumen Bahnhof\u00a0erkl\u00e4rt, dass zum Zeitpunkt der Linksetzung auf den zu verlinkenden Seiten keinerlei illegale Inhalte erkennbar waren. Der Blumen Bahnhof verf\u00fcgt \u00fcber keinerlei Einfluss auf das aktuelle oder zuk\u00fcnftige Design, die dargestellten Inhalte oder die Urheberschaft der verlinkten Seiten. Aus diesem Grund distanziert sich der Blumen Bahnhof von jeglichen Inhalten der verlinkten Seiten, die nach der Linksetzung ver\u00e4ndert wurden. Diese Aussage beh\u00e4lt ihre G\u00fcltigkeit f\u00fcr alle innerhalb des eigenen Internetangebotes gesetzten Links und Verweise sowie f\u00fcr externe Eintr\u00e4ge. F\u00fcr alle illegalen, falschen oder nicht vollst\u00e4ndigen Inhalte und besonders f\u00fcr m\u00f6gliche Sch\u00e4den, die nach der Nutzung oder Nichtnutzung derlei angebotener Informationen entstehen, liegt die Haftung allein beim Anbieter der Seite, auf die verwiesen wurde.<\/p>\n<p>&nbsp;<\/p>\n<p><strong>Urheber- und Kennzeichenrecht<\/strong><br \/>Blumen Bahnhof achtet darauf, dass in allen Ver\u00f6ffentlichungen die Urheberrechte der verwendeten Bilder, Sounds, Videoszenen und Texte beachtet werden, selbst erstellte Bilder, Sounds, Videoszenen und Texte genutzt werden oder dass auf lizenzfreie Bilder, Sounds, Videoszenen und Texte zur\u00fcckgegriffen wird. Werden innerhalb des Internetangebotes gesch\u00fctzten Marken- und Warenzeichen genutzt oder ggf. durch Dritte genannt, unterliegen diese ohne Ausnahme den Bestimmungen des jeweils g\u00fcltigen Kennzeichenrechts und den Besitzrechten der jeweiligen eingetragenen Eigent\u00fcmer. Aufgrund der alleinigen Nennung kann nicht der Schluss gezogen werden, dass diese Markenzeichen nicht durch die Rechte Dritter gesch\u00fctzt werden! Das Urheberrecht f\u00fcr ver\u00f6ffentlichte und selbst erarbeitete Objekte bleibt allein beim Blumen Bahnhof. Die Vervielf\u00e4ltigung und die Verwendung dieser Bilder, Sounds, Videoszenen und Texte in anderen elektronischen oder gedruckten Publikationen sind ohne die ausdr\u00fcckliche Zustimmung des Blumen Bahnhof nicht gestattet.<\/p>\n<p>&nbsp;<\/p>\n<p><strong>Rechtswirksamkeit dieses Haftungsausschlusses<\/strong><br \/>Es gilt, diesen Haftungsausschluss als einen Teil des Onlineangebotes zu betrachten, von dem aus auf diese Seiten hingewiesen wurde. Sollten einzelne Abschnitte oder Formulierungen dieses Textes nicht mehr der geltenden Rechtslage entsprechen oder nicht vollst\u00e4ndig sein, bleiben alle anderen Teile des Dokumentes hinsichtlich ihres Inhalts und dessen G\u00fcltigkeit unber\u00fchrt.<\/p>\n<p>&nbsp;<\/p>\n<p><span style=\"font-size: 16px;\">Stand M\u00e4rz 2021<\/span><\/p>\n<p>[\/et_pb_text][\/et_pb_column][\/et_pb_row][\/et_pb_section]<\/p>\n","protected":false},"excerpt":{"rendered":"<p>Impressum Verantwortlich f\u00fcr den Inhalt der WebsiteBlumen Bahnhof Carole KochAlte Bahnhofstrasse 365612 Villmergen +41 (0)56 610 77 27www.blumen-bahnhof.chinfo@blumen-bahnhof.ch Firmennummer |\u00a0CHE-314.300.823Gesch\u00e4ftsf\u00fchrung | Carole Koch Konzeption, Design &amp; Technische Umsetzung der WebsiteDigital Publishing GmbHDurisolstrasse 115612 Villmergen +41 (0)56 622 50 00www.dp-gmbh.chhello@dp-gmbh.ch &nbsp; Haftungsausschuss Inhalt des OnlineangebotesBlumen Bahnhof \u00fcbernimmt keine Gew\u00e4hr f\u00fcr die Aktualit\u00e4t, Korrektheit und Vollst\u00e4ndigkeit der auf diesen Seiten bereitgestellten Informationen. Grunds\u00e4tzlich ausgeschlossen werden Haftungsanspr\u00fcche gegen Blumen Bahnhof, die sich auf Sch\u00e4den materieller oder ideeller Art beziehen und durch die Nutzung oder Nichtnutzung der bereitgestellten Informationen bzw. falscher und unvollst\u00e4ndiger Informationen verursacht worden sind, sofern von Seiten der Blumen Bahnhof kein nachweisbares vors\u00e4tzliches oder grob fahrl\u00e4ssiges Verschulden vorliegt. Alle Angebote sind frei und unverbindlich. Blumen Bahnhof beh\u00e4lt es sich ausdr\u00fccklich vor, Teile seiner Seiten oder das gesamte Angebot ohne besondere Ank\u00fcndigung zu \u00e4ndern, zu erg\u00e4nzen, zu entfernen oder die Ver\u00f6ffentlichung zeitweise oder ganz einzustellen. &nbsp; Verweise und HyperlinksEine Haftungsverpflichtung bei direkten oder indirekten Verweisen auf fremde Internetseiten (\u00abLinks\u00bb), die nicht innerhalb des Verantwortungsbereiches des Blumen Bahnhof liegen, w\u00fcrde ausschliesslich in Kraft treten, wenn der Blumen Bahnhof\u00a0Kenntnis von den Inhalten hat und es technisch realisierbar und zumutbar w\u00e4re, die Nutzung im Falle von rechtswidrigen Inhalten zu verhindern. Hiermit wird ausdr\u00fccklich vom\u00a0Blumen Bahnhof\u00a0erkl\u00e4rt, [&hellip;]<\/p>\n","protected":false},"author":1,"featured_media":0,"parent":0,"menu_order":0,"comment_status":"closed","ping_status":"closed","template":"","meta":{"_et_pb_use_builder":"on","_et_pb_old_content":"","_et_gb_content_width":"","footnotes":""},"class_list":["post-493","page","type-page","status-publish","hentry"],"_links":{"self":[{"href":"https:\/\/blumen-bahnhof.ch\/index.php\/wp-json\/wp\/v2\/pages\/493","targetHints":{"allow":["GET"]}}],"collection":[{"href":"https:\/\/blumen-bahnhof.ch\/index.php\/wp-json\/wp\/v2\/pages"}],"about":[{"href":"https:\/\/blumen-bahnhof.ch\/index.php\/wp-json\/wp\/v2\/types\/page"}],"author":[{"embeddable":true,"href":"https:\/\/blumen-bahnhof.ch\/index.php\/wp-json\/wp\/v2\/users\/1"}],"replies":[{"embeddable":true,"href":"https:\/\/blumen-bahnhof.ch\/index.php\/wp-json\/wp\/v2\/comments?post=493"}],"version-history":[{"count":15,"href":"https:\/\/blumen-bahnhof.ch\/index.php\/wp-json\/wp\/v2\/pages\/493\/revisions"}],"predecessor-version":[{"id":239884,"href":"https:\/\/blumen-bahnhof.ch\/index.php\/wp-json\/wp\/v2\/pages\/493\/revisions\/239884"}],"wp:attachment":[{"href":"https:\/\/blumen-bahnhof.ch\/index.php\/wp-json\/wp\/v2\/media?parent=493"}],"curies":[{"name":"wp","href":"https:\/\/api.w.org\/{rel}","templated":true}]}}